{"id":28956,"date":"2018-09-19T18:18:00","date_gmt":"2018-09-19T16:18:00","guid":{"rendered":"https:\/\/carabon.ch\/?post_type=product&#038;p=28956"},"modified":"2025-02-12T20:16:52","modified_gmt":"2025-02-12T19:16:52","slug":"caramels-mous-au-stroh-rhum","status":"publish","type":"product","link":"https:\/\/carabon.ch\/en\/product\/caramels-mous-au-stroh-rhum\/","title":{"rendered":"Stroh Rhum caramels"},"content":{"rendered":"<p>[et_pb_section fb_built=\u00a0\u00bb1&Prime; _builder_version=\u00a0\u00bb4.16&Prime; custom_padding=\u00a0\u00bb0px||||false|false\u00a0\u00bb global_colors_info=\u00a0\u00bb{}\u00a0\u00bb][et_pb_row _builder_version=\u00a0\u00bb4.16&Prime; background_size=\u00a0\u00bbinitial\u00a0\u00bb background_position=\u00a0\u00bbtop_left\u00a0\u00bb background_repeat=\u00a0\u00bbrepeat\u00a0\u00bb width=\u00a0\u00bb100%\u00a0\u00bb custom_padding=\u00a0\u00bb0px||0px||false|false\u00a0\u00bb global_colors_info=\u00a0\u00bb{}\u00a0\u00bb][et_pb_column type=\u00a0\u00bb4_4&Prime; _builder_version=\u00a0\u00bb4.16&Prime; custom_padding=\u00a0\u00bb|||\u00a0\u00bb global_colors_info=\u00a0\u00bb{}\u00a0\u00bb custom_padding__hover=\u00a0\u00bb|||\u00a0\u00bb][et_pb_wc_breadcrumb _builder_version=\u00a0\u00bb4.16&Prime; global_colors_info=\u00a0\u00bb{}\u00a0\u00bb][\/et_pb_wc_breadcrumb][et_pb_wc_cart_notice _builder_version=\u00a0\u00bb4.16&Prime; global_colors_info=\u00a0\u00bb{}\u00a0\u00bb][\/et_pb_wc_cart_notice][\/et_pb_column][\/et_pb_row][et_pb_row _builder_version=\u00a0\u00bb4.16&Prime; background_size=\u00a0\u00bbinitial\u00a0\u00bb background_position=\u00a0\u00bbtop_left\u00a0\u00bb background_repeat=\u00a0\u00bbrepeat\u00a0\u00bb width=\u00a0\u00bb100%\u00a0\u00bb custom_padding=\u00a0\u00bb0px||||false|false\u00a0\u00bb global_colors_info=\u00a0\u00bb{}\u00a0\u00bb column_structure=\u00a0\u00bb1_2,1_2&Prime;][et_pb_column type=\u00a0\u00bb1_2&Prime; _builder_version=\u00a0\u00bb4.16&Prime; custom_padding=\u00a0\u00bb|||\u00a0\u00bb global_colors_info=\u00a0\u00bb{}\u00a0\u00bb custom_padding__hover=\u00a0\u00bb|||\u00a0\u00bb][et_pb_wc_images _builder_version=\u00a0\u00bb4.16&Prime; global_colors_info=\u00a0\u00bb{}\u00a0\u00bb][\/et_pb_wc_images][\/et_pb_column][et_pb_column type=\u00a0\u00bb1_2&Prime; _builder_version=\u00a0\u00bb4.16&Prime; custom_padding=\u00a0\u00bb|||\u00a0\u00bb global_colors_info=\u00a0\u00bb{}\u00a0\u00bb custom_padding__hover=\u00a0\u00bb|||\u00a0\u00bb][et_pb_wc_title _builder_version=\u00a0\u00bb4.16&Prime; global_colors_info=\u00a0\u00bb{}\u00a0\u00bb][\/et_pb_wc_title][et_pb_wc_rating _builder_version=\u00a0\u00bb4.16&Prime; global_colors_info=\u00a0\u00bb{}\u00a0\u00bb][\/et_pb_wc_rating][et_pb_wc_price _builder_version=\u00a0\u00bb4.16&Prime; global_colors_info=\u00a0\u00bb{}\u00a0\u00bb][\/et_pb_wc_price][et_pb_wc_description _builder_version=\u00a0\u00bb4.16&Prime; global_colors_info=\u00a0\u00bb{}\u00a0\u00bb][\/et_pb_wc_description][et_pb_wc_add_to_cart _builder_version=\u00a0\u00bb4.16&Prime; global_colors_info=\u00a0\u00bb{}\u00a0\u00bb][\/et_pb_wc_add_to_cart][et_pb_wc_meta _builder_version=\u00a0\u00bb4.16&Prime; global_colors_info=\u00a0\u00bb{}\u00a0\u00bb][\/et_pb_wc_meta][\/et_pb_column][\/et_pb_row][et_pb_row _builder_version=\u00a0\u00bb4.16&Prime; background_size=\u00a0\u00bbinitial\u00a0\u00bb background_position=\u00a0\u00bbtop_left\u00a0\u00bb background_repeat=\u00a0\u00bbrepeat\u00a0\u00bb width=\u00a0\u00bb100%\u00a0\u00bb global_colors_info=\u00a0\u00bb{}\u00a0\u00bb][et_pb_column type=\u00a0\u00bb4_4&Prime; _builder_version=\u00a0\u00bb4.16&Prime; custom_padding=\u00a0\u00bb|||\u00a0\u00bb global_colors_info=\u00a0\u00bb{}\u00a0\u00bb custom_padding__hover=\u00a0\u00bb|||\u00a0\u00bb][et_pb_wc_tabs _builder_version=\u00a0\u00bb4.16&Prime; global_colors_info=\u00a0\u00bb{}\u00a0\u00bb]\t\t\t\t\t[\/et_pb_wc_tabs][et_pb_wc_upsells _builder_version=\u00a0\u00bb4.16&Prime; global_colors_info=\u00a0\u00bb{}\u00a0\u00bb][\/et_pb_wc_upsells][et_pb_wc_related_products _builder_version=\u00a0\u00bb4.16&Prime; global_colors_info=\u00a0\u00bb{}\u00a0\u00bb][\/et_pb_wc_related_products][\/et_pb_column][\/et_pb_row][\/et_pb_section][et_pb_section fb_built=\u00a0\u00bb1&Prime; _builder_version=\u00a0\u00bb4.16&Prime; global_colors_info=\u00a0\u00bb{}\u00a0\u00bb][et_pb_row _builder_version=\u00a0\u00bb4.16&Prime; background_size=\u00a0\u00bbinitial\u00a0\u00bb background_position=\u00a0\u00bbtop_left\u00a0\u00bb background_repeat=\u00a0\u00bbrepeat\u00a0\u00bb global_colors_info=\u00a0\u00bb{}\u00a0\u00bb][et_pb_column type=\u00a0\u00bb4_4&Prime; _builder_version=\u00a0\u00bb4.16&Prime; custom_padding=\u00a0\u00bb|||\u00a0\u00bb global_colors_info=\u00a0\u00bb{}\u00a0\u00bb custom_padding__hover=\u00a0\u00bb|||\u00a0\u00bb][\/et_pb_column][\/et_pb_row][\/et_pb_section]<\/p>\n","protected":false},"excerpt":{"rendered":"<p>Le Stroh Rhum est ajout\u00e9 durant la cuisson, l&rsquo;alcool s&rsquo;\u00e9vapore pour garder l&rsquo;ar\u00f4me.<\/p>","protected":false},"featured_media":29030,"template":"","meta":{"_et_pb_use_builder":"on","_et_pb_old_content":"<p>Vanille bourbon bio<\/p>","_et_gb_content_width":"","_exactmetrics_skip_tracking":false,"_exactmetrics_sitenote_active":false,"_exactmetrics_sitenote_note":"","_exactmetrics_sitenote_category":0},"product_brand":[],"product_cat":[20],"product_tag":[],"class_list":{"0":"post-28956","1":"product","2":"type-product","3":"status-publish","4":"has-post-thumbnail","6":"product_cat-caramels-mous","8":"first","9":"outofstock","10":"shipping-taxable","11":"purchasable","12":"product-type-variable","13":"has-default-attributes"},"yoast_head":"<!-- This site is optimized with the Yoast SEO plugin v27.3 - https:\/\/yoast.com\/product\/yoast-seo-wordpress\/ -->\n<title>Caramels mous au Stroh Rhum - Carabon<\/title>\n<meta name=\"robots\" content=\"index, follow, max-snippet:-1, max-image-preview:large, max-video-preview:-1\" \/>\n<link rel=\"canonical\" href=\"https:\/\/carabon.ch\/en\/product\/caramels-mous-au-stroh-rhum\/\" \/>\n<meta property=\"og:locale\" content=\"en_GB\" \/>\n<meta property=\"og:type\" content=\"article\" \/>\n<meta property=\"og:title\" content=\"Caramels mous au Stroh Rhum - Carabon\" \/>\n<meta property=\"og:description\" content=\"Le Stroh Rhum est ajout\u00e9 durant la cuisson, l&#039;alcool s&#039;\u00e9vapore pour garder l&#039;ar\u00f4me.\" \/>\n<meta property=\"og:url\" content=\"https:\/\/carabon.ch\/en\/product\/caramels-mous-au-stroh-rhum\/\" \/>\n<meta property=\"og:site_name\" content=\"Carabon\" \/>\n<meta property=\"article:modified_time\" content=\"2025-02-12T19:16:52+00:00\" \/>\n<meta property=\"og:image\" content=\"https:\/\/carabon.ch\/wp-content\/uploads\/2018\/09\/Stroh_.jpg\" \/>\n\t<meta property=\"og:image:width\" content=\"609\" \/>\n\t<meta property=\"og:image:height\" content=\"1077\" \/>\n\t<meta property=\"og:image:type\" content=\"image\/jpeg\" \/>\n<meta name=\"twitter:card\" content=\"summary_large_image\" \/>\n<meta name=\"twitter:label1\" content=\"Estimated reading time\" \/>\n\t<meta name=\"twitter:data1\" content=\"1 minute\" \/>\n<script type=\"application\/ld+json\" class=\"yoast-schema-graph\">{\"@context\":\"https:\\\/\\\/schema.org\",\"@graph\":[{\"@type\":\"WebPage\",\"@id\":\"https:\\\/\\\/carabon.ch\\\/produit\\\/caramels-mous-au-stroh-rhum\\\/\",\"url\":\"https:\\\/\\\/carabon.ch\\\/produit\\\/caramels-mous-au-stroh-rhum\\\/\",\"name\":\"Caramels mous au Stroh Rhum - Carabon\",\"isPartOf\":{\"@id\":\"https:\\\/\\\/carabon.ch\\\/#website\"},\"primaryImageOfPage\":{\"@id\":\"https:\\\/\\\/carabon.ch\\\/produit\\\/caramels-mous-au-stroh-rhum\\\/#primaryimage\"},\"image\":{\"@id\":\"https:\\\/\\\/carabon.ch\\\/produit\\\/caramels-mous-au-stroh-rhum\\\/#primaryimage\"},\"thumbnailUrl\":\"https:\\\/\\\/carabon.ch\\\/wp-content\\\/uploads\\\/2018\\\/09\\\/Stroh_.jpg\",\"datePublished\":\"2018-09-19T16:18:00+00:00\",\"dateModified\":\"2025-02-12T19:16:52+00:00\",\"breadcrumb\":{\"@id\":\"https:\\\/\\\/carabon.ch\\\/produit\\\/caramels-mous-au-stroh-rhum\\\/#breadcrumb\"},\"inLanguage\":\"en-GB\",\"potentialAction\":[{\"@type\":\"ReadAction\",\"target\":[\"https:\\\/\\\/carabon.ch\\\/produit\\\/caramels-mous-au-stroh-rhum\\\/\"]}]},{\"@type\":\"ImageObject\",\"inLanguage\":\"en-GB\",\"@id\":\"https:\\\/\\\/carabon.ch\\\/produit\\\/caramels-mous-au-stroh-rhum\\\/#primaryimage\",\"url\":\"https:\\\/\\\/carabon.ch\\\/wp-content\\\/uploads\\\/2018\\\/09\\\/Stroh_.jpg\",\"contentUrl\":\"https:\\\/\\\/carabon.ch\\\/wp-content\\\/uploads\\\/2018\\\/09\\\/Stroh_.jpg\",\"width\":609,\"height\":1077},{\"@type\":\"BreadcrumbList\",\"@id\":\"https:\\\/\\\/carabon.ch\\\/produit\\\/caramels-mous-au-stroh-rhum\\\/#breadcrumb\",\"itemListElement\":[{\"@type\":\"ListItem\",\"position\":1,\"name\":\"Accueil\",\"item\":\"https:\\\/\\\/carabon.ch\\\/\"},{\"@type\":\"ListItem\",\"position\":2,\"name\":\"Boutique\",\"item\":\"https:\\\/\\\/carabon.ch\\\/boutique\\\/\"},{\"@type\":\"ListItem\",\"position\":3,\"name\":\"Caramels mous au Stroh Rhum\"}]},{\"@type\":\"WebSite\",\"@id\":\"https:\\\/\\\/carabon.ch\\\/#website\",\"url\":\"https:\\\/\\\/carabon.ch\\\/\",\"name\":\"Carabon\",\"description\":\"Les bons caramels mous\",\"potentialAction\":[{\"@type\":\"SearchAction\",\"target\":{\"@type\":\"EntryPoint\",\"urlTemplate\":\"https:\\\/\\\/carabon.ch\\\/?s={search_term_string}\"},\"query-input\":{\"@type\":\"PropertyValueSpecification\",\"valueRequired\":true,\"valueName\":\"search_term_string\"}}],\"inLanguage\":\"en-GB\"}]}<\/script>\n<!-- \/ Yoast SEO plugin. -->","yoast_head_json":{"title":"Caramels mous au Stroh Rhum - Carabon","robots":{"index":"index","follow":"follow","max-snippet":"max-snippet:-1","max-image-preview":"max-image-preview:large","max-video-preview":"max-video-preview:-1"},"canonical":"https:\/\/carabon.ch\/en\/product\/caramels-mous-au-stroh-rhum\/","og_locale":"en_GB","og_type":"article","og_title":"Caramels mous au Stroh Rhum - Carabon","og_description":"Le Stroh Rhum est ajout\u00e9 durant la cuisson, l'alcool s'\u00e9vapore pour garder l'ar\u00f4me.","og_url":"https:\/\/carabon.ch\/en\/product\/caramels-mous-au-stroh-rhum\/","og_site_name":"Carabon","article_modified_time":"2025-02-12T19:16:52+00:00","og_image":[{"width":609,"height":1077,"url":"https:\/\/carabon.ch\/wp-content\/uploads\/2018\/09\/Stroh_.jpg","type":"image\/jpeg"}],"twitter_card":"summary_large_image","twitter_misc":{"Estimated reading time":"1 minute"},"schema":{"@context":"https:\/\/schema.org","@graph":[{"@type":"WebPage","@id":"https:\/\/carabon.ch\/produit\/caramels-mous-au-stroh-rhum\/","url":"https:\/\/carabon.ch\/produit\/caramels-mous-au-stroh-rhum\/","name":"Caramels mous au Stroh Rhum - Carabon","isPartOf":{"@id":"https:\/\/carabon.ch\/#website"},"primaryImageOfPage":{"@id":"https:\/\/carabon.ch\/produit\/caramels-mous-au-stroh-rhum\/#primaryimage"},"image":{"@id":"https:\/\/carabon.ch\/produit\/caramels-mous-au-stroh-rhum\/#primaryimage"},"thumbnailUrl":"https:\/\/carabon.ch\/wp-content\/uploads\/2018\/09\/Stroh_.jpg","datePublished":"2018-09-19T16:18:00+00:00","dateModified":"2025-02-12T19:16:52+00:00","breadcrumb":{"@id":"https:\/\/carabon.ch\/produit\/caramels-mous-au-stroh-rhum\/#breadcrumb"},"inLanguage":"en-GB","potentialAction":[{"@type":"ReadAction","target":["https:\/\/carabon.ch\/produit\/caramels-mous-au-stroh-rhum\/"]}]},{"@type":"ImageObject","inLanguage":"en-GB","@id":"https:\/\/carabon.ch\/produit\/caramels-mous-au-stroh-rhum\/#primaryimage","url":"https:\/\/carabon.ch\/wp-content\/uploads\/2018\/09\/Stroh_.jpg","contentUrl":"https:\/\/carabon.ch\/wp-content\/uploads\/2018\/09\/Stroh_.jpg","width":609,"height":1077},{"@type":"BreadcrumbList","@id":"https:\/\/carabon.ch\/produit\/caramels-mous-au-stroh-rhum\/#breadcrumb","itemListElement":[{"@type":"ListItem","position":1,"name":"Accueil","item":"https:\/\/carabon.ch\/"},{"@type":"ListItem","position":2,"name":"Boutique","item":"https:\/\/carabon.ch\/boutique\/"},{"@type":"ListItem","position":3,"name":"Caramels mous au Stroh Rhum"}]},{"@type":"WebSite","@id":"https:\/\/carabon.ch\/#website","url":"https:\/\/carabon.ch\/","name":"Carabon","description":"Tasty traditional caramels","potentialAction":[{"@type":"SearchAction","target":{"@type":"EntryPoint","urlTemplate":"https:\/\/carabon.ch\/?s={search_term_string}"},"query-input":{"@type":"PropertyValueSpecification","valueRequired":true,"valueName":"search_term_string"}}],"inLanguage":"en-GB"}]}},"_links":{"self":[{"href":"https:\/\/carabon.ch\/en\/wp-json\/wp\/v2\/product\/28956","targetHints":{"allow":["GET"]}}],"collection":[{"href":"https:\/\/carabon.ch\/en\/wp-json\/wp\/v2\/product"}],"about":[{"href":"https:\/\/carabon.ch\/en\/wp-json\/wp\/v2\/types\/product"}],"wp:featuredmedia":[{"embeddable":true,"href":"https:\/\/carabon.ch\/en\/wp-json\/wp\/v2\/media\/29030"}],"wp:attachment":[{"href":"https:\/\/carabon.ch\/en\/wp-json\/wp\/v2\/media?parent=28956"}],"wp:term":[{"taxonomy":"product_brand","embeddable":true,"href":"https:\/\/carabon.ch\/en\/wp-json\/wp\/v2\/product_brand?post=28956"},{"taxonomy":"product_cat","embeddable":true,"href":"https:\/\/carabon.ch\/en\/wp-json\/wp\/v2\/product_cat?post=28956"},{"taxonomy":"product_tag","embeddable":true,"href":"https:\/\/carabon.ch\/en\/wp-json\/wp\/v2\/product_tag?post=28956"}],"curies":[{"name":"wp","href":"https:\/\/api.w.org\/{rel}","templated":true}]}}